{"id":150,"date":"2014-02-07T13:41:29","date_gmt":"2014-02-07T13:41:29","guid":{"rendered":"http:\/\/pixelgrade.com\/demos\/split\/?page_id=150"},"modified":"2022-05-09T11:58:09","modified_gmt":"2022-05-09T11:58:09","slug":"contact","status":"publish","type":"page","link":"https:\/\/robertybernard.com\/?page_id=150","title":{"rendered":"Contact"},"content":{"rendered":"<hr class=\"separator separator--dark\">\n<p>Le temps s&rsquo;est arr\u00eat\u00e9 &#8230; les distances ne sont rien.<\/p>\n<p>Et je pardonne \u00e0 mes ma\u00eetres dit Wolfi d&rsquo;avoir par leurs \u00e9crits et leurs dires laisser supposer \u00e0 une immobilit\u00e9 possible des choses.<\/p>\n<p><strong>Bernard Roberty<\/strong><\/p>\n<div class=\"pixcode pixcode--grid grid \">\n<div class=\"grid__item six-twelfths palm-one-whole \">\n<p><strong>Versailles<br><\/strong>robertybernard@orange.fr<\/p>\n<\/div>\n<\/div>\n\n\n<figure class=\"wp-block-image size-large is-style-default\"><a href=\"https:\/\/robertybernard.com\/wp-content\/uploads\/2022\/04\/versailles-hiver-2009-scaled.jpg\"><img loading=\"lazy\" width=\"1024\" height=\"768\" src=\"https:\/\/robertybernard.com\/wp-content\/uploads\/2022\/04\/versailles-hiver-2009-1024x768.jpg\" alt=\"\" class=\"wp-image-99623\" srcset=\"https:\/\/robertybernard.com\/wp-content\/uploads\/2022\/04\/versailles-hiver-2009-1024x768.jpg 1024w, https:\/\/robertybernard.com\/wp-content\/uploads\/2022\/04\/versailles-hiver-2009-300x225.jpg 300w, https:\/\/robertybernard.com\/wp-content\/uploads\/2022\/04\/versailles-hiver-2009-768x576.jpg 768w, https:\/\/robertybernard.com\/wp-content\/uploads\/2022\/04\/versailles-hiver-2009-1536x1152.jpg 1536w, https:\/\/robertybernard.com\/wp-content\/uploads\/2022\/04\/versailles-hiver-2009-2048x1536.jpg 2048w, https:\/\/robertybernard.com\/wp-content\/uploads\/2022\/04\/versailles-hiver-2009-400x300.jpg 400w, https:\/\/robertybernard.com\/wp-content\/uploads\/2022\/04\/versailles-hiver-2009-840x630.jpg 840w, https:\/\/robertybernard.com\/wp-content\/uploads\/2022\/04\/versailles-hiver-2009-scaled.jpg 2560w\" sizes=\"(max-width: 1024px) 100vw, 1024px\" \/><\/a><\/figure>\n\n\n\n<figure class=\"wp-block-gallery has-nested-images columns-4 is-cropped\">\n<figure class=\"wp-block-image size-large\"><a href=\"https:\/\/robertybernard.com\/wp-content\/uploads\/2022\/04\/aeroport-de-seoul-copie-scaled.jpg\" target=\"_blank\" rel=\"noopener\"><img loading=\"lazy\" width=\"1024\" height=\"683\" data-id=\"99633\"  src=\"https:\/\/robertybernard.com\/wp-content\/uploads\/2022\/04\/aeroport-de-seoul-copie-1024x683.jpg\" alt=\"\" class=\"wp-image-99633\" srcset=\"https:\/\/robertybernard.com\/wp-content\/uploads\/2022\/04\/aeroport-de-seoul-copie-1024x683.jpg 1024w, https:\/\/robertybernard.com\/wp-content\/uploads\/2022\/04\/aeroport-de-seoul-copie-300x200.jpg 300w, https:\/\/robertybernard.com\/wp-content\/uploads\/2022\/04\/aeroport-de-seoul-copie-768x512.jpg 768w, https:\/\/robertybernard.com\/wp-content\/uploads\/2022\/04\/aeroport-de-seoul-copie-1536x1024.jpg 1536w, https:\/\/robertybernard.com\/wp-content\/uploads\/2022\/04\/aeroport-de-seoul-copie-2048x1365.jpg 2048w, https:\/\/robertybernard.com\/wp-content\/uploads\/2022\/04\/aeroport-de-seoul-copie-400x267.jpg 400w, https:\/\/robertybernard.com\/wp-content\/uploads\/2022\/04\/aeroport-de-seoul-copie-840x560.jpg 840w, https:\/\/robertybernard.com\/wp-content\/uploads\/2022\/04\/aeroport-de-seoul-copie-scaled.jpg 2560w\" sizes=\"(max-width: 1024px) 100vw, 1024px\" \/><\/a><\/figure>\n\n\n\n<figure class=\"wp-block-image size-large\"><a href=\"https:\/\/robertybernard.com\/wp-content\/uploads\/2022\/04\/aeroport-de-seoul-24-fevrier-2011-copie-scaled.jpg\" target=\"_blank\" rel=\"noopener\"><img loading=\"lazy\" width=\"1024\" height=\"683\" data-id=\"99630\"  src=\"https:\/\/robertybernard.com\/wp-content\/uploads\/2022\/04\/aeroport-de-seoul-24-fevrier-2011-copie-1024x683.jpg\" alt=\"\" class=\"wp-image-99630\" srcset=\"https:\/\/robertybernard.com\/wp-content\/uploads\/2022\/04\/aeroport-de-seoul-24-fevrier-2011-copie-1024x683.jpg 1024w, https:\/\/robertybernard.com\/wp-content\/uploads\/2022\/04\/aeroport-de-seoul-24-fevrier-2011-copie-300x200.jpg 300w, https:\/\/robertybernard.com\/wp-content\/uploads\/2022\/04\/aeroport-de-seoul-24-fevrier-2011-copie-768x512.jpg 768w, https:\/\/robertybernard.com\/wp-content\/uploads\/2022\/04\/aeroport-de-seoul-24-fevrier-2011-copie-1536x1024.jpg 1536w, https:\/\/robertybernard.com\/wp-content\/uploads\/2022\/04\/aeroport-de-seoul-24-fevrier-2011-copie-2048x1365.jpg 2048w, https:\/\/robertybernard.com\/wp-content\/uploads\/2022\/04\/aeroport-de-seoul-24-fevrier-2011-copie-400x267.jpg 400w, https:\/\/robertybernard.com\/wp-content\/uploads\/2022\/04\/aeroport-de-seoul-24-fevrier-2011-copie-840x560.jpg 840w, https:\/\/robertybernard.com\/wp-content\/uploads\/2022\/04\/aeroport-de-seoul-24-fevrier-2011-copie-scaled.jpg 2560w\" sizes=\"(max-width: 1024px) 100vw, 1024px\" \/><\/a><\/figure>\n\n\n\n<figure class=\"wp-block-image size-large\"><a href=\"https:\/\/robertybernard.com\/wp-content\/uploads\/2022\/04\/angkor-vat-12-fevrier-2011-copie-scaled.jpg\" target=\"_blank\" rel=\"noopener\"><img loading=\"lazy\" width=\"683\" height=\"1024\" data-id=\"99631\"  src=\"https:\/\/robertybernard.com\/wp-content\/uploads\/2022\/04\/angkor-vat-12-fevrier-2011-copie-683x1024.jpg\" alt=\"\" class=\"wp-image-99631\" srcset=\"https:\/\/robertybernard.com\/wp-content\/uploads\/2022\/04\/angkor-vat-12-fevrier-2011-copie-683x1024.jpg 683w, https:\/\/robertybernard.com\/wp-content\/uploads\/2022\/04\/angkor-vat-12-fevrier-2011-copie-200x300.jpg 200w, https:\/\/robertybernard.com\/wp-content\/uploads\/2022\/04\/angkor-vat-12-fevrier-2011-copie-768x1152.jpg 768w, https:\/\/robertybernard.com\/wp-content\/uploads\/2022\/04\/angkor-vat-12-fevrier-2011-copie-1024x1536.jpg 1024w, https:\/\/robertybernard.com\/wp-content\/uploads\/2022\/04\/angkor-vat-12-fevrier-2011-copie-1365x2048.jpg 1365w, https:\/\/robertybernard.com\/wp-content\/uploads\/2022\/04\/angkor-vat-12-fevrier-2011-copie-2048x3072.jpg 2048w, https:\/\/robertybernard.com\/wp-content\/uploads\/2022\/04\/angkor-vat-12-fevrier-2011-copie-400x600.jpg 400w, https:\/\/robertybernard.com\/wp-content\/uploads\/2022\/04\/angkor-vat-12-fevrier-2011-copie-840x1260.jpg 840w, https:\/\/robertybernard.com\/wp-content\/uploads\/2022\/04\/angkor-vat-12-fevrier-2011-copie-scaled.jpg 1707w\" sizes=\"(max-width: 683px) 100vw, 683px\" \/><\/a><\/figure>\n\n\n\n<figure class=\"wp-block-image size-large\"><a href=\"https:\/\/robertybernard.com\/wp-content\/uploads\/2022\/04\/paris-notre-dame-24-fevrier-2010-copie.jpg\" target=\"_blank\" rel=\"noopener\"><img loading=\"lazy\" width=\"1024\" height=\"768\" data-id=\"99637\"  src=\"https:\/\/robertybernard.com\/wp-content\/uploads\/2022\/04\/paris-notre-dame-24-fevrier-2010-copie-1024x768.jpg\" alt=\"\" class=\"wp-image-99637\" srcset=\"https:\/\/robertybernard.com\/wp-content\/uploads\/2022\/04\/paris-notre-dame-24-fevrier-2010-copie-1024x768.jpg 1024w, https:\/\/robertybernard.com\/wp-content\/uploads\/2022\/04\/paris-notre-dame-24-fevrier-2010-copie-300x225.jpg 300w, https:\/\/robertybernard.com\/wp-content\/uploads\/2022\/04\/paris-notre-dame-24-fevrier-2010-copie-768x576.jpg 768w, https:\/\/robertybernard.com\/wp-content\/uploads\/2022\/04\/paris-notre-dame-24-fevrier-2010-copie-1536x1152.jpg 1536w, https:\/\/robertybernard.com\/wp-content\/uploads\/2022\/04\/paris-notre-dame-24-fevrier-2010-copie-2048x1536.jpg 2048w, https:\/\/robertybernard.com\/wp-content\/uploads\/2022\/04\/paris-notre-dame-24-fevrier-2010-copie-400x300.jpg 400w, https:\/\/robertybernard.com\/wp-content\/uploads\/2022\/04\/paris-notre-dame-24-fevrier-2010-copie-840x630.jpg 840w, https:\/\/robertybernard.com\/wp-content\/uploads\/2022\/04\/paris-notre-dame-24-fevrier-2010-copie.jpg 2508w\" sizes=\"(max-width: 1024px) 100vw, 1024px\" \/><\/a><\/figure>\n\n\n\n<figure class=\"wp-block-image size-large\"><a href=\"https:\/\/robertybernard.com\/wp-content\/uploads\/2022\/04\/versailles-1er-mai-2010-copie.jpg\" target=\"_blank\" rel=\"noopener\"><img loading=\"lazy\" width=\"1024\" height=\"830\" data-id=\"99636\"  src=\"https:\/\/robertybernard.com\/wp-content\/uploads\/2022\/04\/versailles-1er-mai-2010-copie-1024x830.jpg\" alt=\"\" class=\"wp-image-99636\" srcset=\"https:\/\/robertybernard.com\/wp-content\/uploads\/2022\/04\/versailles-1er-mai-2010-copie-1024x830.jpg 1024w, https:\/\/robertybernard.com\/wp-content\/uploads\/2022\/04\/versailles-1er-mai-2010-copie-300x243.jpg 300w, https:\/\/robertybernard.com\/wp-content\/uploads\/2022\/04\/versailles-1er-mai-2010-copie-768x623.jpg 768w, https:\/\/robertybernard.com\/wp-content\/uploads\/2022\/04\/versailles-1er-mai-2010-copie-1536x1245.jpg 1536w, https:\/\/robertybernard.com\/wp-content\/uploads\/2022\/04\/versailles-1er-mai-2010-copie-2048x1660.jpg 2048w, https:\/\/robertybernard.com\/wp-content\/uploads\/2022\/04\/versailles-1er-mai-2010-copie-400x324.jpg 400w, https:\/\/robertybernard.com\/wp-content\/uploads\/2022\/04\/versailles-1er-mai-2010-copie-840x681.jpg 840w, https:\/\/robertybernard.com\/wp-content\/uploads\/2022\/04\/versailles-1er-mai-2010-copie.jpg 2340w\" sizes=\"(max-width: 1024px) 100vw, 1024px\" \/><\/a><\/figure>\n<\/figure>\n\n\n\n<h2><\/h2>\n\n\n\n<p><br>\ufeff<\/p>\n\n\n\n<h2><\/h2>\n","protected":false},"excerpt":{"rendered":"<p>Le temps s&rsquo;est arr\u00eat\u00e9 &#8230; les distances ne sont rien. Et je pardonne \u00e0 mes ma\u00eetres dit Wolfi d&rsquo;avoir par leurs \u00e9crits et leurs dires laisser supposer \u00e0 une immobilit\u00e9 possible des choses. Bernard Roberty Versaillesrobertybernard@orange.fr \ufeff<\/p>\n","protected":false},"author":1,"featured_media":0,"parent":0,"menu_order":0,"comment_status":"closed","ping_status":"closed","template":"page-split-layout.php","meta":[],"_links":{"self":[{"href":"https:\/\/robertybernard.com\/index.php?rest_route=\/wp\/v2\/pages\/150"}],"collection":[{"href":"https:\/\/robertybernard.com\/index.php?rest_route=\/wp\/v2\/pages"}],"about":[{"href":"https:\/\/robertybernard.com\/index.php?rest_route=\/wp\/v2\/types\/page"}],"author":[{"embeddable":true,"href":"https:\/\/robertybernard.com\/index.php?rest_route=\/wp\/v2\/users\/1"}],"replies":[{"embeddable":true,"href":"https:\/\/robertybernard.com\/index.php?rest_route=%2Fwp%2Fv2%2Fcomments&post=150"}],"version-history":[{"count":18,"href":"https:\/\/robertybernard.com\/index.php?rest_route=\/wp\/v2\/pages\/150\/revisions"}],"predecessor-version":[{"id":99646,"href":"https:\/\/robertybernard.com\/index.php?rest_route=\/wp\/v2\/pages\/150\/revisions\/99646"}],"wp:attachment":[{"href":"https:\/\/robertybernard.com\/index.php?rest_route=%2Fwp%2Fv2%2Fmedia&parent=150"}],"curies":[{"name":"wp","href":"https:\/\/api.w.org\/{rel}","templated":true}]}}